{"id":884,"date":"2022-06-23T10:15:02","date_gmt":"2022-06-23T10:15:02","guid":{"rendered":"https:\/\/kongreshistorykowjezyka2023.us.edu.pl\/?page_id=884"},"modified":"2023-05-22T06:55:55","modified_gmt":"2023-05-22T06:55:55","slug":"program","status":"publish","type":"page","link":"https:\/\/kongreshistorykowjezyka2023.us.edu.pl\/index.php\/program\/","title":{"rendered":"Program"},"content":{"rendered":"<p>Przedstawiamy program II KHJ. Zaznaczamy jednak, \u017ce nie oddaje on ostatecznego kszta\u0142tu czerwcowego spotkania naukowego (mog\u0105 si\u0119 w nim pojawi\u0107 drobne zmiany). Finalna wersja programu b\u0119dzie zamieszczona w p\u00f3\u017aniejszym terminie.<\/p>\n<p><a href=\"https:\/\/kongreshistorykowjezyka2023.us.edu.pl\/wp-content\/uploads\/2023\/05\/Program-II-KHJ_logo.pdf\">POBIERZ PROGRAM (plik PDF)<\/a><\/p>\n","protected":false},"excerpt":{"rendered":"<p>Przedstawiamy program II KHJ. Zaznaczamy jednak, \u017ce nie oddaje on ostatecznego kszta\u0142tu czerwcowego spotkania naukowego (mog\u0105 si\u0119 w nim pojawi\u0107 drobne zmiany). Finalna wersja programu b\u0119dzie zamieszczona w p\u00f3\u017aniejszym terminie. POBIERZ PROGRAM (plik PDF)<\/p>\n","protected":false},"author":1,"featured_media":0,"parent":0,"menu_order":0,"comment_status":"closed","ping_status":"closed","template":"","meta":{"_kadence_starter_templates_imported_post":false,"footnotes":""},"class_list":["post-884","page","type-page","status-publish","hentry"],"_links":{"self":[{"href":"https:\/\/kongreshistorykowjezyka2023.us.edu.pl\/index.php\/wp-json\/wp\/v2\/pages\/884","targetHints":{"allow":["GET"]}}],"collection":[{"href":"https:\/\/kongreshistorykowjezyka2023.us.edu.pl\/index.php\/wp-json\/wp\/v2\/pages"}],"about":[{"href":"https:\/\/kongreshistorykowjezyka2023.us.edu.pl\/index.php\/wp-json\/wp\/v2\/types\/page"}],"author":[{"embeddable":true,"href":"https:\/\/kongreshistorykowjezyka2023.us.edu.pl\/index.php\/wp-json\/wp\/v2\/users\/1"}],"replies":[{"embeddable":true,"href":"https:\/\/kongreshistorykowjezyka2023.us.edu.pl\/index.php\/wp-json\/wp\/v2\/comments?post=884"}],"version-history":[{"count":6,"href":"https:\/\/kongreshistorykowjezyka2023.us.edu.pl\/index.php\/wp-json\/wp\/v2\/pages\/884\/revisions"}],"predecessor-version":[{"id":4134,"href":"https:\/\/kongreshistorykowjezyka2023.us.edu.pl\/index.php\/wp-json\/wp\/v2\/pages\/884\/revisions\/4134"}],"wp:attachment":[{"href":"https:\/\/kongreshistorykowjezyka2023.us.edu.pl\/index.php\/wp-json\/wp\/v2\/media?parent=884"}],"curies":[{"name":"wp","href":"https:\/\/api.w.org\/{rel}","templated":true}]}}